{"id":25673,"date":"2024-10-22T14:19:28","date_gmt":"2024-10-22T14:19:28","guid":{"rendered":"http:\/\/localhost\/wp\/contact\/"},"modified":"2024-10-23T04:01:55","modified_gmt":"2024-10-23T04:01:55","slug":"contact","status":"publish","type":"page","link":"https:\/\/huy.hostingtnt.com\/?page_id=25673","title":{"rendered":"Contact"},"content":{"rendered":"<h1>Contact<\/h1>\n<p><a tabindex=\"\\&quot;0\\&quot;\">Top Tier Experience<\/a><br \/>Lorem ipsum dolor sit amet, consectetur adipiscing elit. Ut elit tellus, luctus nec ullamcorper mattis, pulvinar dapibus leo.<br \/><a tabindex=\"\\&quot;0\\&quot;\">Business Focus<\/a><br \/><div class=\"wpforms-container \" id=\"wpforms-25668\"><form id=\"wpforms-form-25668\" class=\"wpforms-validate wpforms-form\" data-formid=\"25668\" method=\"post\" enctype=\"multipart\/form-data\" action=\"\/index.php?rest_route=%2Fwp%2Fv2%2Fpages%2F25673\" data-token=\"1d8d4c8a25c8ff654e2eef53bd14ccaf\" data-token-time=\"1778154809\"><noscript class=\"wpforms-error-noscript\">Vui l\u00f2ng b\u1eadt JavaScript trong tr\u00ecnh duy\u1ec7t c\u1ee7a b\u1ea1n \u0111\u1ec3 ho\u00e0n th\u00e0nh Form n\u00e0y.<\/noscript><div class=\"wpforms-field-container\"><div id=\"wpforms-25668-field_0-container\" class=\"wpforms-field wpforms-field-name\" data-field-id=\"0\"><label class=\"wpforms-field-label wpforms-label-hide\" for=\"wpforms-25668-field_0\">Name <span class=\"wpforms-required-label\">*<\/span><\/label><div class=\"wpforms-field-row wpforms-field-large\"><div class=\"wpforms-field-row-block wpforms-first wpforms-one-half\"><input type=\"text\" id=\"wpforms-25668-field_0\" class=\"wpforms-field-name-first wpforms-field-required\" name=\"wpforms[fields][0][first]\" placeholder=\"First name\" required><label for=\"wpforms-25668-field_0\" class=\"wpforms-field-sublabel after wpforms-sublabel-hide\">T\u00ean<\/label><\/div><div class=\"wpforms-field-row-block wpforms-one-half\"><input type=\"text\" id=\"wpforms-25668-field_0-last\" class=\"wpforms-field-name-last wpforms-field-required\" name=\"wpforms[fields][0][last]\" placeholder=\"Last name\" required><label for=\"wpforms-25668-field_0-last\" class=\"wpforms-field-sublabel after wpforms-sublabel-hide\">H\u1ecd<\/label><\/div><\/div><\/div><div id=\"wpforms-25668-field_1-container\" class=\"wpforms-field wpforms-field-email\" data-field-id=\"1\"><label class=\"wpforms-field-label wpforms-label-hide\" for=\"wpforms-25668-field_1\">Email <span class=\"wpforms-required-label\">*<\/span><\/label><input type=\"email\" id=\"wpforms-25668-field_1\" class=\"wpforms-field-large wpforms-field-required\" name=\"wpforms[fields][1]\" placeholder=\"Enter email address\" spellcheck=\"false\" required><\/div><div id=\"wpforms-25668-field_3-container\" class=\"wpforms-field wpforms-field-text\" data-field-id=\"3\"><label class=\"wpforms-field-label wpforms-label-hide\" for=\"wpforms-25668-field_3\">Single Line Text<\/label><input type=\"text\" id=\"wpforms-25668-field_3\" class=\"wpforms-field-large\" name=\"wpforms[fields][3]\" placeholder=\"Phone number\" ><\/div><div id=\"wpforms-25668-field_2-container\" class=\"wpforms-field wpforms-field-textarea\" data-field-id=\"2\"><label class=\"wpforms-field-label wpforms-label-hide\" for=\"wpforms-25668-field_2\">Comment or Message <span class=\"wpforms-required-label\">*<\/span><\/label><textarea id=\"wpforms-25668-field_2\" class=\"wpforms-field-medium wpforms-field-required\" name=\"wpforms[fields][2]\" placeholder=\"Enter your message\" required><\/textarea><\/div><\/div><!-- .wpforms-field-container --><div class=\"wpforms-submit-container\" ><input type=\"hidden\" name=\"wpforms[id]\" value=\"25668\"><input type=\"hidden\" name=\"page_title\" value=\"\"><input type=\"hidden\" name=\"page_url\" value=\"https:\/\/huy.hostingtnt.com\/index.php?rest_route=%2Fwp%2Fv2%2Fpages%2F25673\"><button type=\"submit\" name=\"wpforms[submit]\" id=\"wpforms-submit-25668\" class=\"wpforms-submit\" data-alt-text=\"Sending...\" data-submit-text=\"SUBMIT NOW\" aria-live=\"assertive\" value=\"wpforms-submit\">SUBMIT NOW<\/button><\/div><\/form><\/div>  <!-- .wpforms-container --><\/p>\n\n\n<p><\/p>\n","protected":false},"excerpt":{"rendered":"<p>Contact Top Tier ExperienceLorem ipsum dolor sit amet, consectetur adipiscing elit. Ut elit tellus, luctus nec ullamcorper mattis, pulvinar dapibus leo.Business Focus<\/p>\n","protected":false},"author":1,"featured_media":0,"parent":0,"menu_order":0,"comment_status":"closed","ping_status":"closed","template":"","meta":{"footnotes":""},"class_list":["post-25673","page","type-page","status-publish","hentry"],"_links":{"self":[{"href":"https:\/\/huy.hostingtnt.com\/index.php?rest_route=\/wp\/v2\/pages\/25673"}],"collection":[{"href":"https:\/\/huy.hostingtnt.com\/index.php?rest_route=\/wp\/v2\/pages"}],"about":[{"href":"https:\/\/huy.hostingtnt.com\/index.php?rest_route=\/wp\/v2\/types\/page"}],"author":[{"embeddable":true,"href":"https:\/\/huy.hostingtnt.com\/index.php?rest_route=\/wp\/v2\/users\/1"}],"replies":[{"embeddable":true,"href":"https:\/\/huy.hostingtnt.com\/index.php?rest_route=%2Fwp%2Fv2%2Fcomments&post=25673"}],"version-history":[{"count":3,"href":"https:\/\/huy.hostingtnt.com\/index.php?rest_route=\/wp\/v2\/pages\/25673\/revisions"}],"predecessor-version":[{"id":25808,"href":"https:\/\/huy.hostingtnt.com\/index.php?rest_route=\/wp\/v2\/pages\/25673\/revisions\/25808"}],"wp:attachment":[{"href":"https:\/\/huy.hostingtnt.com\/index.php?rest_route=%2Fwp%2Fv2%2Fmedia&parent=25673"}],"curies":[{"name":"wp","href":"https:\/\/api.w.org\/{rel}","templated":true}]}}